{"id":2,"date":"2024-10-03T21:21:57","date_gmt":"2024-10-03T21:21:57","guid":{"rendered":"http:\/\/audiogamesxr.com\/?page_id=2"},"modified":"2025-10-14T11:39:02","modified_gmt":"2025-10-14T11:39:02","slug":"sample-page","status":"publish","type":"page","link":"https:\/\/audiogamesxr.com\/","title":{"rendered":"Audiogames XR"},"content":{"rendered":"\n<div class=\"wp-block-columns is-layout-flex wp-container-core-columns-is-layout-28f84493 wp-block-columns-is-layout-flex\">\n<div class=\"wp-block-column is-layout-flow wp-block-column-is-layout-flow\" style=\"flex-basis:100%\">\n<figure class=\"wp-block-image size-full is-resized is-style-default\"><img loading=\"lazy\" decoding=\"async\" width=\"1011\" height=\"1009\" src=\"https:\/\/audiogamesxr.com\/wp-content\/uploads\/2025\/10\/ResizedImage_2024-10-10_14-05-23_1128.jpg\" alt=\"\" class=\"wp-image-81\" style=\"width:1203px;height:auto\" srcset=\"https:\/\/audiogamesxr.com\/wp-content\/uploads\/2025\/10\/ResizedImage_2024-10-10_14-05-23_1128.jpg 1011w, https:\/\/audiogamesxr.com\/wp-content\/uploads\/2025\/10\/ResizedImage_2024-10-10_14-05-23_1128-300x300.jpg 300w, https:\/\/audiogamesxr.com\/wp-content\/uploads\/2025\/10\/ResizedImage_2024-10-10_14-05-23_1128-150x150.jpg 150w, https:\/\/audiogamesxr.com\/wp-content\/uploads\/2025\/10\/ResizedImage_2024-10-10_14-05-23_1128-768x766.jpg 768w\" sizes=\"auto, (max-width: 1011px) 100vw, 1011px\" \/><\/figure>\n<\/div>\n<\/div>\n\n\n\n<p>This is a proposal at the crossroads between art and science that, as a game, allows users to experiment and move in a three-dimensional sound environment, interacting with it and with the objects that populate it.<\/p>\n\n\n\n<p><\/p>\n\n\n\n<p><strong>Designed so that people with disabilities can play in the same way as everyone else, and together.<\/strong><\/p>\n\n\n\n<p><strong>Playful experience that focuses on sound as the basis of the gaming experience.<\/strong><\/p>\n\n\n\n<p><strong>Turns an open space into a sonorous game space, thanks to Virtual and Mixed Reality.<\/strong><\/p>\n\n\n\n<p><\/p>\n\n\n\n<p><\/p>\n\n\n\n<p class=\"has-contrast-dark-color has-text-color has-link-color has-superbfont-small-font-size wp-elements-be6912754849e30345fcd19ca5a14a15\"><strong>Audiogames XR es una propuesta de experiencia digital l\u00fadica para Realidad Virtual que pone en el centro lo sonoro c\u00f3mo base de la<br>experiencia de juego<\/strong>. La propuesta de juego cuenta actualmente con un espacio inmersivo&nbsp;sonificado, donde <strong>el usuario interact\u00faa de manera l\u00fadica, por medio de mec\u00e1nicas de juego, con una colecci\u00f3n de objetos sonoros<\/strong>.<\/p>\n\n\n\n<p class=\"has-contrast-dark-color has-text-color has-link-color has-superbfont-small-font-size wp-elements-5ae88a58b211ba184b2f1741d3f899e0\"><strong>Mediante la tecnolog\u00eda de rastreo del movimiento en el espacio, gracias a la Realidad Virtual y Mixta, la propuesta de juego plantea convertir un espacio di\u00e1fano en un espacio de juego sonoro.<\/strong> Esta es una propuesta en el cruce entre arte y ciencia que, a modo de juego, permite a los usuarios experimentar y moverse en un entorno sonoro tridimensional, interactuando con \u00e9l y con los objetos que lo pueblan.<\/p>\n\n\n\n<p class=\"has-contrast-dark-color has-text-color has-link-color has-superbfont-small-font-size wp-elements-3b67fb5fe86cd976cde58593c19f2782\">El objetivo principal de nuestra propuesta es generar un tipo de <strong>juego digital inclusivo<\/strong>, especialmente dise\u00f1ado para que <strong>personas con discapacidad puedan jugar de la misma forma que el resto de personas, y juntos.<\/strong><\/p>\n\n\n\n<figure class=\"wp-block-gallery has-nested-images columns-default is-cropped wp-block-gallery-1 is-layout-flex wp-block-gallery-is-layout-flex\">\n<figure class=\"wp-block-image size-large\"><img loading=\"lazy\" decoding=\"async\" width=\"1024\" height=\"1024\" data-id=\"13\" src=\"https:\/\/audiogamesxr.com\/wp-content\/uploads\/2024\/10\/comasturnazarivrbiennal2024end-20240513-140058-scaled-1-1024x1024.webp\" alt=\"\" class=\"wp-image-13\" srcset=\"https:\/\/audiogamesxr.com\/wp-content\/uploads\/2024\/10\/comasturnazarivrbiennal2024end-20240513-140058-scaled-1-1024x1024.webp 1024w, https:\/\/audiogamesxr.com\/wp-content\/uploads\/2024\/10\/comasturnazarivrbiennal2024end-20240513-140058-scaled-1-300x300.webp 300w, https:\/\/audiogamesxr.com\/wp-content\/uploads\/2024\/10\/comasturnazarivrbiennal2024end-20240513-140058-scaled-1-150x150.webp 150w, https:\/\/audiogamesxr.com\/wp-content\/uploads\/2024\/10\/comasturnazarivrbiennal2024end-20240513-140058-scaled-1-768x768.webp 768w, https:\/\/audiogamesxr.com\/wp-content\/uploads\/2024\/10\/comasturnazarivrbiennal2024end-20240513-140058-scaled-1.webp 1200w\" sizes=\"auto, (max-width: 1024px) 100vw, 1024px\" \/><\/figure>\n\n\n\n<figure class=\"wp-block-image size-large\"><img loading=\"lazy\" decoding=\"async\" width=\"1024\" height=\"1024\" data-id=\"12\" src=\"https:\/\/audiogamesxr.com\/wp-content\/uploads\/2024\/10\/comasturnazarivrbiennal2024end-20240513-140111-scaled-1-1024x1024.webp\" alt=\"\" class=\"wp-image-12\" srcset=\"https:\/\/audiogamesxr.com\/wp-content\/uploads\/2024\/10\/comasturnazarivrbiennal2024end-20240513-140111-scaled-1-1024x1024.webp 1024w, https:\/\/audiogamesxr.com\/wp-content\/uploads\/2024\/10\/comasturnazarivrbiennal2024end-20240513-140111-scaled-1-300x300.webp 300w, https:\/\/audiogamesxr.com\/wp-content\/uploads\/2024\/10\/comasturnazarivrbiennal2024end-20240513-140111-scaled-1-150x150.webp 150w, https:\/\/audiogamesxr.com\/wp-content\/uploads\/2024\/10\/comasturnazarivrbiennal2024end-20240513-140111-scaled-1-768x768.webp 768w, https:\/\/audiogamesxr.com\/wp-content\/uploads\/2024\/10\/comasturnazarivrbiennal2024end-20240513-140111-scaled-1.webp 1200w\" sizes=\"auto, (max-width: 1024px) 100vw, 1024px\" \/><\/figure>\n<\/figure>\n\n\n\n<p class=\"has-contrast-dark-color has-text-color has-link-color wp-elements-d67eefa9c558a06b499f17828cb7ecdd\"><strong>Caracter\u00edsticas<\/strong> <strong>destacadas<\/strong><\/p>\n\n\n\n<ul class=\"wp-block-list\">\n<li class=\"has-superbfont-xsmall-font-size\"><strong>Propuesta de tecnolog\u00eda de Realidad Virtual y Mixta<\/strong><\/li>\n\n\n\n<li class=\"has-superbfont-xsmall-font-size\"><strong>Uso del sonido como principal mec\u00e1nica jugable<\/strong><\/li>\n\n\n\n<li class=\"has-superbfont-xsmall-font-size\"><strong>Juego digital inclusivo (personas videntes e invidentes)<\/strong><\/li>\n\n\n\n<li class=\"has-superbfont-xsmall-font-size\"><strong>Algoritmos binaurales de \u00faltima generaci\u00f3n<\/strong><\/li>\n\n\n\n<li class=\"has-superbfont-xsmall-font-size\"><strong>Inspiraci\u00f3n en estudios de sinestesia<\/strong><\/li>\n<\/ul>\n\n\n\n<p class=\"has-contrast-dark-color has-text-color has-link-color has-superbfont-medium-font-size wp-elements-f06bc44dac112a1855baad02a9ccfd40\"><strong>M\u00e1s informaci\u00f3n<\/strong><\/p>\n\n\n\n<p class=\"has-contrast-dark-color has-text-color has-link-color has-superbfont-xsmall-font-size wp-elements-8ba1be92f84de1afe45beb412d40c374\"><strong>Una vez generado el espacio de juego (espacio di\u00e1fano entre 2x2m y hasta 10x10m), una serie de objetos sonoros se distribuir\u00e1n en \u00e9l. <\/strong>Cada objeto responde a unas f\u00edsicas y a unas melod\u00edas propias. <strong>El usuario tendr\u00e1 que ir a buscar estos objetos sonoros, seg\u00fan una mec\u00e1nica de b\u00fasqueda y captura, basando la localizaci\u00f3n de cada uno solo en su capacidad de escucha. <\/strong>Gracias a los algoritmos binaurales de \u00faltima generaci\u00f3n, nuestra propuesta prev\u00e9 dar la mayor importancia de la experiencia de juego a lo sonoro, poniendo la vista, por una vez, en segundo plano. <\/p>\n\n\n\n<p class=\"has-contrast-dark-color has-text-color has-link-color has-superbfont-xsmall-font-size wp-elements-37997428ceb01eaed4df5dfa3422941a\"><strong>Cada objeto emite un sonido propio, resultado de un cuidadoso dise\u00f1o sonoro que, adem\u00e1s, podr\u00e1 ser modificado por los jugadores (<em>feature<\/em>)<\/strong>. De esta forma, la persona jugadora se encontrar\u00e1 en un espacio sonificado que, en tiempo real, en base a su posici\u00f3n, movimiento y rotaci\u00f3n de la cabeza, generar\u00e1 una composici\u00f3n como si de un instrumento musical se tratara.<\/p>\n\n\n\n<p class=\"has-contrast-dark-color has-text-color has-link-color has-superbfont-xsmall-font-size wp-elements-521972425911e0e1a6b0852d9fc6a50e\"><strong>Audiogames encuentra inspiraci\u00f3n en los estudios sobre sinestesia, focaliz\u00e1ndose especialmente en la relaci\u00f3n entre sonido y visi\u00f3n.<\/strong> En la hip\u00f3tesis que se empez\u00f3 a trabajar en su comienzo, el efecto sinest\u00e9sico est\u00e1 centrado en el espectador, que traduce, de modo significativo, la visualizaci\u00f3n del juego en sonido. Se ha buscado generar una correspondencia entre el sonido escuchado por la persona jugadora, desplaz\u00e1ndose por el espacio, y el color visto por el p\u00fablico, en la representaci\u00f3n digital del espacio de juego que se le ofrec\u00eda.<\/p>\n\n\n\n<p class=\"has-contrast-dark-color has-text-color has-link-color has-superbfont-small-font-size wp-elements-683b9a9a1834da422ac081ddb1d0320b\"><strong>Cr\u00e9ditos<\/strong><\/p>\n\n\n\n<p class=\"has-contrast-dark-color has-text-color has-link-color has-superbfont-xsmall-font-size wp-elements-d2c8b790732d0a83052633fc714282d4\"><a href=\"http:\/\/asturnazari.com\">Asturnazar\u00ed<\/a> y Bic\u00e9lula<\/p>\n\n\n\n<p class=\"has-contrast-dark-color has-text-color has-link-color has-superbfont-xxsmall-font-size wp-elements-97ec9ef6274b36035702fc1218312d13\">Todos los derechos reservados.<\/p>\n\n\n\n<p><\/p>\n","protected":false},"excerpt":{"rendered":"<p>This is a proposal at the crossroads between art and science that, as a game, allows users to experiment and move in a three-dimensional sound environment, interacting with it and with the objects that populate it. Designed so that people with disabilities can play in the same way as everyone else, and together. Playful experience [&hellip;]<\/p>\n","protected":false},"author":1,"featured_media":80,"parent":0,"menu_order":0,"comment_status":"closed","ping_status":"open","template":"blank","meta":{"footnotes":""},"class_list":["post-2","page","type-page","status-publish","has-post-thumbnail","hentry"],"_links":{"self":[{"href":"https:\/\/audiogamesxr.com\/index.php?rest_route=\/wp\/v2\/pages\/2","targetHints":{"allow":["GET"]}}],"collection":[{"href":"https:\/\/audiogamesxr.com\/index.php?rest_route=\/wp\/v2\/pages"}],"about":[{"href":"https:\/\/audiogamesxr.com\/index.php?rest_route=\/wp\/v2\/types\/page"}],"author":[{"embeddable":true,"href":"https:\/\/audiogamesxr.com\/index.php?rest_route=\/wp\/v2\/users\/1"}],"replies":[{"embeddable":true,"href":"https:\/\/audiogamesxr.com\/index.php?rest_route=%2Fwp%2Fv2%2Fcomments&post=2"}],"version-history":[{"count":13,"href":"https:\/\/audiogamesxr.com\/index.php?rest_route=\/wp\/v2\/pages\/2\/revisions"}],"predecessor-version":[{"id":83,"href":"https:\/\/audiogamesxr.com\/index.php?rest_route=\/wp\/v2\/pages\/2\/revisions\/83"}],"wp:featuredmedia":[{"embeddable":true,"href":"https:\/\/audiogamesxr.com\/index.php?rest_route=\/wp\/v2\/media\/80"}],"wp:attachment":[{"href":"https:\/\/audiogamesxr.com\/index.php?rest_route=%2Fwp%2Fv2%2Fmedia&parent=2"}],"curies":[{"name":"wp","href":"https:\/\/api.w.org\/{rel}","templated":true}]}}